{"id":111,"date":"2026-02-24T22:40:32","date_gmt":"2026-02-24T21:40:32","guid":{"rendered":"https:\/\/gnh.estate\/strona-glowna\/"},"modified":"2026-03-09T14:17:32","modified_gmt":"2026-03-09T13:17:32","slug":"strona-glowna","status":"publish","type":"page","link":"https:\/\/gnh.estate\/pl\/","title":{"rendered":"Strona g\u0142\u00f3wna"},"content":{"rendered":"<section  class=\"hero-banner\" style=\"--hero-background: url(https:\/\/gnh.estate\/wp-content\/uploads\/2026\/03\/background.jpg);\"><div class=\"container\"><div class=\"row\"><div class=\"col-8 col-xs-8 col-sm-8 col-md-10 col-lg-10\"><h1 class=\"hero-banner--title\" data-aos=\"fade-in\" data-aos-delay=\"500\">GRYFNY NIKISZ<\/h1><div class=\"hero-banner--content\" data-aos=\"fade-in\" data-aos-delay=\"800\"><span>Witamy Pa\u0144stwa na MIPIM!<\/span><br \/>\r\n<br \/>\r\nI serdecznie zapraszamy do zapoznania si\u0119 z projektem inwestycyjnym mixed-use po\u0142o\u017conym w dzielnicy GRYFNY NIKISZ w Katowicach, rozwijaj\u0105cej si\u0119 w s\u0105siedztwie zabytkowego osiedla Nikiszowiec. Lokalizacji wyj\u0105tkowej w skali europejskiej, le\u017c\u0105cej w samym sercu stolicy aglomeracji \u015bl\u0105skiej.<\/div><div class=\"hero-banner--cta\" data-aos=\"fade-in\" data-aos-delay=\"800\"><a class=\"btn\" target=\"_blank\" href=\"https:\/\/srdkstudio.com\/projekt\/gryfny-nikisz\">dowied\u017a si\u0119 wi\u0119cej<\/a><a class=\"btn btn-alt\" href=\"#contact\">kontakt<\/a><\/div><\/div><\/div><\/div><\/section><section class=\"hero-banner-mobile\"><div class=\"container\"><div class=\"row\"><div class=\"col-12\"><div class=\"hero-banner--content\" data-aos=\"fade-in\" data-aos-delay=\"800\"><span>Witamy Pa\u0144stwa na MIPIM!<\/span><br \/>\r\n<br \/>\r\nI serdecznie zapraszamy do zapoznania si\u0119 z projektem inwestycyjnym mixed-use po\u0142o\u017conym w dzielnicy GRYFNY NIKISZ w Katowicach, rozwijaj\u0105cej si\u0119 w s\u0105siedztwie zabytkowego osiedla Nikiszowiec. Lokalizacji wyj\u0105tkowej w skali europejskiej, le\u017c\u0105cej w samym sercu stolicy aglomeracji \u015bl\u0105skiej.<\/div><div class=\"hero-banner--cta\" data-aos=\"fade-in\" data-aos-delay=\"800\"><a class=\"btn\" target=\"_blank\" href=\"https:\/\/srdkstudio.com\/projekt\/gryfny-nikisz\">dowied\u017a si\u0119 wi\u0119cej<\/a><a class=\"btn btn-alt\" href=\"#contact\">kontakt<\/a><\/div><\/div><\/div><\/div><\/section>\n\n<section id=\"investment\"  class=\"about \"><div class=\"container\"><div class=\"row\"><div class=\"col-12 col-md-5 col-xl-4\" data-aos=\"fade-in\"><h3 class=\"about--subtitle\">Inwestycja \u2028z&nbsp;d\u0142ugoterminow\u0105 stop\u0105 zwrotu \u2028w&nbsp;projekt mixed-use<\/h3><\/div><div class=\"col-12 offset-md-1 col-md-6 col-xl-7\" data-aos=\"fade-in\"><div class=\"about--content\"><p>Na terenie postindustrialnym &#8211; w Katowicach, stolicy <strong>jednej z&nbsp;najszybciej rozwijaj\u0105cych si\u0119 aglomeracji w Europie \u015arodkowej<\/strong> &#8211; powstaje kompleksowa dzielnica na podstawie przemy\u015blanego planu urbanistyczno-architektonicznego.<\/p>\n<p>&nbsp;<\/p>\n<h3>Miasto 15-minutowe jako odpowied\u017a na potrzeby rynku<\/h3>\n<p>Gryfny Nikisz \u0142\u0105czy mieszkania w\u0142asno\u015bciowe, PRS, funkcje senioralne, handel, biura i&nbsp;edukacj\u0119 w&nbsp;jedn\u0105 sp\u00f3jn\u0105 struktur\u0119. Cel jest jasny: <strong>samowystarczalno\u015b\u0107 dzielnicy<\/strong>, w&nbsp;kt\u00f3rej oko\u0142o 90% codziennych potrzeb mo\u017cna zrealizowa\u0107 w&nbsp;15 minut spacerem. <strong>Dywersyfikacja funkcji to przemy\u015blany mechanizm stabilno\u015bci inwestycyjnej<\/strong>.<\/p>\n<p>&nbsp;<\/p>\n<h3>Historyczne dziedzictwo, dynamiczna i&nbsp;pr\u0119\u017cna gospodarka<\/h3>\n<p>Dzielnica rozwija si\u0119 w s\u0105siedztwie <strong>zabytkowego osiedla Nikiszowiec<\/strong>, wyj\u0105tkowej w skali europejskej lokalizacji o silnej to\u017csamo\u015bci kulturowej, kt\u00f3ra od lat przyci\u0105ga turyst\u00f3w, artyst\u00f3w i kreatywne biznesy. Jednocze\u015bnie lokalizacja inwestycji korzysta z <strong>dynamicznego rozwoju Katowic jako centrum biznesowego i nowych technologii<\/strong>.<\/p>\n<\/div><\/div><\/div><\/div><\/section>\n\n\n<figure class=\"wp-block-image size-large\"><img loading=\"lazy\" decoding=\"async\" width=\"4096\" height=\"2646\" src=\"https:\/\/gnh.estate\/wp-content\/uploads\/2026\/03\/gryfny-nikisz.jpg\" alt=\"\" class=\"wp-image-44\" srcset=\"https:\/\/gnh.estate\/wp-content\/uploads\/2026\/03\/gryfny-nikisz.jpg 4096w, https:\/\/gnh.estate\/wp-content\/uploads\/2026\/03\/gryfny-nikisz-300x194.jpg 300w, https:\/\/gnh.estate\/wp-content\/uploads\/2026\/03\/gryfny-nikisz-1024x662.jpg 1024w, https:\/\/gnh.estate\/wp-content\/uploads\/2026\/03\/gryfny-nikisz-768x496.jpg 768w, https:\/\/gnh.estate\/wp-content\/uploads\/2026\/03\/gryfny-nikisz-1536x992.jpg 1536w, https:\/\/gnh.estate\/wp-content\/uploads\/2026\/03\/gryfny-nikisz-2048x1323.jpg 2048w\" sizes=\"auto, (max-width: 4096px) 100vw, 4096px\" \/><\/figure>\n\n\n<section id=\"gryfny-nikisz\"  class=\"about \"><div class=\"container\"><div class=\"row\"><div class=\"col-12 col-md-5 col-xl-4\" data-aos=\"fade-in\"><h3 class=\"about--subtitle\">Gryfny Nikisz \u2013 warto\u015bciowa inwestycja mixed-use<\/h3><\/div><div class=\"col-12 offset-md-1 col-md-6 col-xl-7\" data-aos=\"fade-in\"><div class=\"about--content\"><p>Gryfny Nikisz to wi\u0119cej ni\u017c inwestycja. To wsp\u00f3\u0142tworzenie dobrej tkanki miasta, kt\u00f3ra \u0142\u0105czy jako\u015b\u0107 \u017cycia z d\u0142ugoterminowym modelem biznesowym.<\/p>\n<p>Do\u015bwiadczenia europejskich rewitalizacji, takich jak Seestadt Aspern w Wiedniu, czy King\u2019s Cross w Londynie, pokazuj\u0105, \u017ce nieruchomo\u015bci w <strong>dobrze zaprojektowanych dzielnicach osi\u0105gaj\u0105 ceny i czynsze o 20\u201330% wy\u017csze ni\u017c w za\u0142o\u017ceniach monofunkcyjnych<\/strong>.<\/p>\n<p>Model Gryfny Nikisz, budowany jako zdywersyfikowany portfel, zapewnia:<\/p>\n<ul>\n<li>d\u0142ugoterminowy wzrost warto\u015bci,<\/li>\n<li>stabilniejsze przep\u0142ywy (PRS) przy wysokich stopach,<\/li>\n<li>wi\u0119ksz\u0105 odporno\u015b\u0107 na wahania rynku,<\/li>\n<li>potencja\u0142 premii cenowej przy wyj\u015bciu.<\/li>\n<\/ul>\n<p><a class=\"btn btn-download\" target=\"_blank\" href=\"https:\/\/gnh.estate\/wp-content\/uploads\/2026\/03\/Project_Prospectus_www.gnh.estate.pdf\"><span class=\"btn--text\">pobierz folder inwestycji<\/span><span class=\"icon-download\"><\/span><\/a><\/p>\n<\/div><\/div><\/div><\/div><\/section>\n\n<section id=\"team\" class=\"peoples\" data-persons ><div><div class=\"container\"><div class=\"row\"><div class=\"col-12\" data-aos=\"fade-in\"><h2 class=\"peoples--title\">Zesp\u00f3\u0142<\/h2><\/div><div class=\"col-12\" data-aos=\"fade-in\"><h2 class=\"peoples--subtitle\">Tworzymy zesp\u00f3\u0142 z do\u015bwiadczeniem w prowadzeniu du\u017cych, wielofunkcyjnych inwestycji i proces\u00f3w rewitalizacyjnych. Dla Pa\u0144stwa oznacza to lepsz\u0105 kontrol\u0119 ryzyka, przewidywalno\u015b\u0107 procesu, wiarygodnego i kompetentnego partnera do rozm\u00f3w z bankami, funduszami i kluczowymi najemcami.<\/h2><\/div><\/div><\/div><\/div><div class=\"peoples-data-persons\" data-persons><div class=\"container peoples__list--holder\"><div class=\"row\"><div class=\"col-12 peoples__list\"><div class=\"peoples__list--single\"  data-aos=\"fade-in\" data-aos-delay=\"500\"><div class=\"peoples__list--img\" draggable=\"false\"><img loading=\"lazy\" decoding=\"async\" width=\"2731\" height=\"4096\" src=\"https:\/\/gnh.estate\/wp-content\/uploads\/2026\/03\/kazimierz-srodka.jpg\" class=\"attachment-full size-full\" alt=\"\" srcset=\"https:\/\/gnh.estate\/wp-content\/uploads\/2026\/03\/kazimierz-srodka.jpg 2731w, https:\/\/gnh.estate\/wp-content\/uploads\/2026\/03\/kazimierz-srodka-200x300.jpg 200w, https:\/\/gnh.estate\/wp-content\/uploads\/2026\/03\/kazimierz-srodka-683x1024.jpg 683w, https:\/\/gnh.estate\/wp-content\/uploads\/2026\/03\/kazimierz-srodka-768x1152.jpg 768w, https:\/\/gnh.estate\/wp-content\/uploads\/2026\/03\/kazimierz-srodka-1024x1536.jpg 1024w, https:\/\/gnh.estate\/wp-content\/uploads\/2026\/03\/kazimierz-srodka-1366x2048.jpg 1366w\" sizes=\"auto, (max-width: 2731px) 100vw, 2731px\" \/><\/div><h3 class=\"peoples__list--title\">Kazimierz \u015ar\u00f3dka<\/h3><div class=\"peoples__list--position\">Founder<\/div><\/div><div class=\"peoples__list--single\"  data-aos=\"fade-in\" data-aos-delay=\"500\"><div class=\"peoples__list--img\" draggable=\"false\"><img loading=\"lazy\" decoding=\"async\" width=\"2731\" height=\"4096\" src=\"https:\/\/gnh.estate\/wp-content\/uploads\/2026\/03\/dorota-jarodzka-srodka.jpg\" class=\"attachment-full size-full\" alt=\"\" srcset=\"https:\/\/gnh.estate\/wp-content\/uploads\/2026\/03\/dorota-jarodzka-srodka.jpg 2731w, https:\/\/gnh.estate\/wp-content\/uploads\/2026\/03\/dorota-jarodzka-srodka-200x300.jpg 200w, https:\/\/gnh.estate\/wp-content\/uploads\/2026\/03\/dorota-jarodzka-srodka-683x1024.jpg 683w, https:\/\/gnh.estate\/wp-content\/uploads\/2026\/03\/dorota-jarodzka-srodka-768x1152.jpg 768w, https:\/\/gnh.estate\/wp-content\/uploads\/2026\/03\/dorota-jarodzka-srodka-1024x1536.jpg 1024w, https:\/\/gnh.estate\/wp-content\/uploads\/2026\/03\/dorota-jarodzka-srodka-1366x2048.jpg 1366w\" sizes=\"auto, (max-width: 2731px) 100vw, 2731px\" \/><\/div><h3 class=\"peoples__list--title\">Dorota Jarodzka-\u015ar\u00f3dka<\/h3><div class=\"peoples__list--position\">Founder<\/div><\/div><div class=\"peoples__list--single\"  data-aos=\"fade-in\" data-aos-delay=\"500\"><div class=\"peoples__list--img\" draggable=\"false\"><img loading=\"lazy\" decoding=\"async\" width=\"2731\" height=\"4096\" src=\"https:\/\/gnh.estate\/wp-content\/uploads\/2026\/03\/lukasz-tondel.jpg\" class=\"attachment-full size-full\" alt=\"\" srcset=\"https:\/\/gnh.estate\/wp-content\/uploads\/2026\/03\/lukasz-tondel.jpg 2731w, https:\/\/gnh.estate\/wp-content\/uploads\/2026\/03\/lukasz-tondel-200x300.jpg 200w, https:\/\/gnh.estate\/wp-content\/uploads\/2026\/03\/lukasz-tondel-683x1024.jpg 683w, https:\/\/gnh.estate\/wp-content\/uploads\/2026\/03\/lukasz-tondel-768x1152.jpg 768w, https:\/\/gnh.estate\/wp-content\/uploads\/2026\/03\/lukasz-tondel-1024x1536.jpg 1024w, https:\/\/gnh.estate\/wp-content\/uploads\/2026\/03\/lukasz-tondel-1366x2048.jpg 1366w\" sizes=\"auto, (max-width: 2731px) 100vw, 2731px\" \/><\/div><h3 class=\"peoples__list--title\">\u0141ukasz Tondel<\/h3><div class=\"peoples__list--position\">Wiceprezes Zarz\u0105du<br>GNH Sp. z o.o.<\/div><\/div><div class=\"peoples__list--single\"  data-aos=\"fade-in\" data-aos-delay=\"500\"><div class=\"peoples__list--img\" draggable=\"false\"><img loading=\"lazy\" decoding=\"async\" width=\"1024\" height=\"1536\" src=\"https:\/\/gnh.estate\/wp-content\/uploads\/2026\/03\/tomasz-delowski.jpg\" class=\"attachment-full size-full\" alt=\"\" srcset=\"https:\/\/gnh.estate\/wp-content\/uploads\/2026\/03\/tomasz-delowski.jpg 1024w, https:\/\/gnh.estate\/wp-content\/uploads\/2026\/03\/tomasz-delowski-200x300.jpg 200w, https:\/\/gnh.estate\/wp-content\/uploads\/2026\/03\/tomasz-delowski-683x1024.jpg 683w, https:\/\/gnh.estate\/wp-content\/uploads\/2026\/03\/tomasz-delowski-768x1152.jpg 768w\" sizes=\"auto, (max-width: 1024px) 100vw, 1024px\" \/><\/div><h3 class=\"peoples__list--title\">Tomasz Delowski<\/h3><div class=\"peoples__list--position\">Founder \/ Prezes Zarz\u0105du<br>GNH Sp. z o.o.<\/div><\/div><\/div><\/div><\/div><div class=\"peoples__description\" data-person-popup><div class=\"container\"><div class=\"row peoples__description--row\"><div class=\"peoples__description--btn\"><button type=\"button\" class=\"btn-closed dark\" data-person-close ><span class=\"btn-closed--inner\"><\/span><\/button><\/div><div class=\"col-12 peoples__description--grid\" data-person-id=\"person-0\"><div class=\"col-12 peoples__description--holder\"><h3 class=\"peoples__description--title\">Kazimierz \u015ar\u00f3dka<\/h3><div class=\"peoples__description--position\">Founder<\/div><\/div><\/div><div class=\"col-12 peoples__description--grid\" data-person-id=\"person-1\"><div class=\"col-12 peoples__description--holder\"><h3 class=\"peoples__description--title\">Dorota Jarodzka-\u015ar\u00f3dka<\/h3><div class=\"peoples__description--position\">Founder<\/div><\/div><\/div><div class=\"col-12 peoples__description--grid\" data-person-id=\"person-2\"><div class=\"col-12 peoples__description--holder\"><h3 class=\"peoples__description--title\">\u0141ukasz Tondel<\/h3><div class=\"peoples__description--position\">Wiceprezes Zarz\u0105du<br>GNH Sp. z o.o.<\/div><\/div><\/div><div class=\"col-12 peoples__description--grid\" data-person-id=\"person-3\"><div class=\"col-12 peoples__description--holder\"><h3 class=\"peoples__description--title\">Tomasz Delowski<\/h3><div class=\"peoples__description--position\">Founder \/ Prezes Zarz\u0105du<br>GNH Sp. z o.o.<\/div><\/div><\/div><\/div><\/div><\/div><\/div><\/section>\n\n<section id=\"cooperation-models\"  class=\"about about-alt\"><div class=\"container\"><div class=\"row\"><div class=\"col-12 col-md-5 col-xl-4\" data-aos=\"fade-in\"><h3 class=\"about--subtitle\">Modele wsp\u00f3\u0142pracy<\/h3><\/div><div class=\"col-12 offset-md-1 col-md-6 col-xl-7\" data-aos=\"fade-in\"><div class=\"about--content\"><p>Oferujemy elastyczne partnerstwo dopasowane do strategii Pa\u0144stwa kapita\u0142u.<\/p>\n<p><a class=\"btn btn-download\" target=\"_blank\" href=\"https:\/\/gnh.estate\/wp-content\/uploads\/2026\/03\/Proposed_Investment_Structures_www.gnh.estate.pdf\"><span class=\"btn--text\">pobierz proponowane formy wsp\u00f3\u0142pracy<\/span><span class=\"icon-download\"><\/span><\/a><\/p>\n<\/div><\/div><\/div><\/div><\/section>","protected":false},"excerpt":{"rendered":"","protected":false},"author":1,"featured_media":0,"parent":0,"menu_order":0,"comment_status":"closed","ping_status":"closed","template":"page-templates\/home.php","meta":{"_acf_changed":false,"footnotes":""},"class_list":["post-111","page","type-page","status-publish","hentry"],"acf":[],"yoast_head":"<!-- This site is optimized with the Yoast SEO plugin v27.1.1 - https:\/\/yoast.com\/product\/yoast-seo-wordpress\/ -->\n<title>Strona g\u0142\u00f3wna - Gryfny Nikisz<\/title>\n<meta name=\"robots\" content=\"index, follow, max-snippet:-1, max-image-preview:large, max-video-preview:-1\" \/>\n<link rel=\"canonical\" href=\"https:\/\/gnh.estate\/pl\/\" \/>\n<meta property=\"og:locale\" content=\"pl_PL\" \/>\n<meta property=\"og:type\" content=\"article\" \/>\n<meta property=\"og:title\" content=\"Strona g\u0142\u00f3wna - Gryfny Nikisz\" \/>\n<meta property=\"og:url\" content=\"https:\/\/gnh.estate\/pl\/\" \/>\n<meta property=\"og:site_name\" content=\"Gryfny Nikisz\" \/>\n<meta property=\"article:modified_time\" content=\"2026-03-09T13:17:32+00:00\" \/>\n<meta property=\"og:image\" content=\"https:\/\/gnh.estate\/wp-content\/uploads\/2026\/03\/gryfny-nikisz.jpg\" \/>\n\t<meta property=\"og:image:width\" content=\"4096\" \/>\n\t<meta property=\"og:image:height\" content=\"2646\" \/>\n\t<meta property=\"og:image:type\" content=\"image\/jpeg\" \/>\n<meta name=\"twitter:card\" content=\"summary_large_image\" \/>\n<meta name=\"twitter:label1\" content=\"Szacowany czas czytania\" \/>\n\t<meta name=\"twitter:data1\" content=\"1 minuta\" \/>\n<script type=\"application\/ld+json\" class=\"yoast-schema-graph\">{\"@context\":\"https:\/\/schema.org\",\"@graph\":[{\"@type\":\"WebPage\",\"@id\":\"https:\/\/gnh.estate\/pl\/\",\"url\":\"https:\/\/gnh.estate\/pl\/\",\"name\":\"Strona g\u0142\u00f3wna - Gryfny Nikisz\",\"isPartOf\":{\"@id\":\"https:\/\/gnh.estate\/#website\"},\"primaryImageOfPage\":{\"@id\":\"https:\/\/gnh.estate\/pl\/#primaryimage\"},\"image\":{\"@id\":\"https:\/\/gnh.estate\/pl\/#primaryimage\"},\"thumbnailUrl\":\"https:\/\/gnh.estate\/wp-content\/uploads\/2026\/03\/gryfny-nikisz.jpg\",\"datePublished\":\"2026-02-24T21:40:32+00:00\",\"dateModified\":\"2026-03-09T13:17:32+00:00\",\"breadcrumb\":{\"@id\":\"https:\/\/gnh.estate\/pl\/#breadcrumb\"},\"inLanguage\":\"pl-PL\",\"potentialAction\":[{\"@type\":\"ReadAction\",\"target\":[\"https:\/\/gnh.estate\/pl\/\"]}]},{\"@type\":\"ImageObject\",\"inLanguage\":\"pl-PL\",\"@id\":\"https:\/\/gnh.estate\/pl\/#primaryimage\",\"url\":\"https:\/\/gnh.estate\/wp-content\/uploads\/2026\/03\/gryfny-nikisz.jpg\",\"contentUrl\":\"https:\/\/gnh.estate\/wp-content\/uploads\/2026\/03\/gryfny-nikisz.jpg\"},{\"@type\":\"BreadcrumbList\",\"@id\":\"https:\/\/gnh.estate\/pl\/#breadcrumb\",\"itemListElement\":[{\"@type\":\"ListItem\",\"position\":1,\"name\":\"Home\",\"item\":\"https:\/\/gnh.estate\/pl\/\"},{\"@type\":\"ListItem\",\"position\":2,\"name\":\"Strona g\u0142\u00f3wna\"}]},{\"@type\":\"WebSite\",\"@id\":\"https:\/\/gnh.estate\/#website\",\"url\":\"https:\/\/gnh.estate\/\",\"name\":\"Gryfny Nikisz\",\"description\":\"\",\"potentialAction\":[{\"@type\":\"SearchAction\",\"target\":{\"@type\":\"EntryPoint\",\"urlTemplate\":\"https:\/\/gnh.estate\/?s={search_term_string}\"},\"query-input\":{\"@type\":\"PropertyValueSpecification\",\"valueRequired\":true,\"valueName\":\"search_term_string\"}}],\"inLanguage\":\"pl-PL\"}]}<\/script>\n<!-- \/ Yoast SEO plugin. -->","yoast_head_json":{"title":"Strona g\u0142\u00f3wna - Gryfny Nikisz","robots":{"index":"index","follow":"follow","max-snippet":"max-snippet:-1","max-image-preview":"max-image-preview:large","max-video-preview":"max-video-preview:-1"},"canonical":"https:\/\/gnh.estate\/pl\/","og_locale":"pl_PL","og_type":"article","og_title":"Strona g\u0142\u00f3wna - Gryfny Nikisz","og_url":"https:\/\/gnh.estate\/pl\/","og_site_name":"Gryfny Nikisz","article_modified_time":"2026-03-09T13:17:32+00:00","og_image":[{"width":4096,"height":2646,"url":"https:\/\/gnh.estate\/wp-content\/uploads\/2026\/03\/gryfny-nikisz.jpg","type":"image\/jpeg"}],"twitter_card":"summary_large_image","twitter_misc":{"Szacowany czas czytania":"1 minuta"},"schema":{"@context":"https:\/\/schema.org","@graph":[{"@type":"WebPage","@id":"https:\/\/gnh.estate\/pl\/","url":"https:\/\/gnh.estate\/pl\/","name":"Strona g\u0142\u00f3wna - Gryfny Nikisz","isPartOf":{"@id":"https:\/\/gnh.estate\/#website"},"primaryImageOfPage":{"@id":"https:\/\/gnh.estate\/pl\/#primaryimage"},"image":{"@id":"https:\/\/gnh.estate\/pl\/#primaryimage"},"thumbnailUrl":"https:\/\/gnh.estate\/wp-content\/uploads\/2026\/03\/gryfny-nikisz.jpg","datePublished":"2026-02-24T21:40:32+00:00","dateModified":"2026-03-09T13:17:32+00:00","breadcrumb":{"@id":"https:\/\/gnh.estate\/pl\/#breadcrumb"},"inLanguage":"pl-PL","potentialAction":[{"@type":"ReadAction","target":["https:\/\/gnh.estate\/pl\/"]}]},{"@type":"ImageObject","inLanguage":"pl-PL","@id":"https:\/\/gnh.estate\/pl\/#primaryimage","url":"https:\/\/gnh.estate\/wp-content\/uploads\/2026\/03\/gryfny-nikisz.jpg","contentUrl":"https:\/\/gnh.estate\/wp-content\/uploads\/2026\/03\/gryfny-nikisz.jpg"},{"@type":"BreadcrumbList","@id":"https:\/\/gnh.estate\/pl\/#breadcrumb","itemListElement":[{"@type":"ListItem","position":1,"name":"Home","item":"https:\/\/gnh.estate\/pl\/"},{"@type":"ListItem","position":2,"name":"Strona g\u0142\u00f3wna"}]},{"@type":"WebSite","@id":"https:\/\/gnh.estate\/#website","url":"https:\/\/gnh.estate\/","name":"Gryfny Nikisz","description":"","potentialAction":[{"@type":"SearchAction","target":{"@type":"EntryPoint","urlTemplate":"https:\/\/gnh.estate\/?s={search_term_string}"},"query-input":{"@type":"PropertyValueSpecification","valueRequired":true,"valueName":"search_term_string"}}],"inLanguage":"pl-PL"}]}},"_links":{"self":[{"href":"https:\/\/gnh.estate\/pl\/wp-json\/wp\/v2\/pages\/111","targetHints":{"allow":["GET"]}}],"collection":[{"href":"https:\/\/gnh.estate\/pl\/wp-json\/wp\/v2\/pages"}],"about":[{"href":"https:\/\/gnh.estate\/pl\/wp-json\/wp\/v2\/types\/page"}],"author":[{"embeddable":true,"href":"https:\/\/gnh.estate\/pl\/wp-json\/wp\/v2\/users\/1"}],"replies":[{"embeddable":true,"href":"https:\/\/gnh.estate\/pl\/wp-json\/wp\/v2\/comments?post=111"}],"version-history":[{"count":13,"href":"https:\/\/gnh.estate\/pl\/wp-json\/wp\/v2\/pages\/111\/revisions"}],"predecessor-version":[{"id":185,"href":"https:\/\/gnh.estate\/pl\/wp-json\/wp\/v2\/pages\/111\/revisions\/185"}],"wp:attachment":[{"href":"https:\/\/gnh.estate\/pl\/wp-json\/wp\/v2\/media?parent=111"}],"curies":[{"name":"wp","href":"https:\/\/api.w.org\/{rel}","templated":true}]}}